{"id":47,"date":"2023-12-30T22:41:36","date_gmt":"2023-12-30T21:41:36","guid":{"rendered":"http:\/\/www.lesulisbasket.com\/?page_id=47"},"modified":"2024-01-28T22:18:11","modified_gmt":"2024-01-28T21:18:11","slug":"actualite","status":"publish","type":"page","link":"https:\/\/www.lesulisbasket.com\/?page_id=47","title":{"rendered":"ACTUALITE"},"content":{"rendered":"\n<div class=\"wp-block-query alignwide is-layout-constrained wp-block-query-is-layout-constrained\"><ul class=\"columns-3 alignwide wp-block-post-template is-layout-grid wp-container-core-post-template-is-layout-6d3fbd8f wp-block-post-template-is-layout-grid\"><li class=\"wp-block-post post-389 post type-post status-publish format-standard has-post-thumbnail hentry category-non-classe\">\n<figure style=\"width:100%;height:318px;\" class=\"wp-block-post-featured-image\"><a href=\"https:\/\/www.lesulisbasket.com\/?p=389\" target=\"_self\"  style=\"height:318px\"><img loading=\"lazy\" decoding=\"async\" width=\"799\" height=\"566\" src=\"https:\/\/www.lesulisbasket.com\/wp-content\/uploads\/2024\/09\/Capture-decran-2024-09-04-143607.png\" class=\"attachment-post-thumbnail size-post-thumbnail wp-post-image\" alt=\"Planning  saison 2024\/2025\" style=\"height:318px;object-fit:cover;\" srcset=\"https:\/\/www.lesulisbasket.com\/wp-content\/uploads\/2024\/09\/Capture-decran-2024-09-04-143607.png 799w, https:\/\/www.lesulisbasket.com\/wp-content\/uploads\/2024\/09\/Capture-decran-2024-09-04-143607-300x213.png 300w, https:\/\/www.lesulisbasket.com\/wp-content\/uploads\/2024\/09\/Capture-decran-2024-09-04-143607-768x544.png 768w\" sizes=\"auto, (max-width: 799px) 100vw, 799px\" \/><\/a><\/figure>\n\n<h2 class=\"wp-block-post-title has-x-large-font-size\"><a href=\"https:\/\/www.lesulisbasket.com\/?p=389\" target=\"_self\" >Planning  saison 2024\/2025<\/a><\/h2>\n\n<div class=\"wp-block-post-excerpt\"><p class=\"wp-block-post-excerpt__excerpt\"> <\/p><\/div>\n\n<div class=\"wp-block-post-date has-small-font-size\"><time datetime=\"2024-09-04T14:45:15+02:00\"><a href=\"https:\/\/www.lesulisbasket.com\/?p=389\">septembre 4, 2024<\/a><\/time><\/div>\n<\/li><li class=\"wp-block-post post-378 post type-post status-publish format-standard has-post-thumbnail hentry category-non-classe\">\n<figure style=\"width:100%;height:318px;\" class=\"wp-block-post-featured-image\"><a href=\"https:\/\/www.lesulisbasket.com\/?p=378\" target=\"_self\"  style=\"height:318px\"><img loading=\"lazy\" decoding=\"async\" width=\"230\" height=\"255\" src=\"https:\/\/www.lesulisbasket.com\/wp-content\/uploads\/2024\/06\/logo-allstar.png\" class=\"attachment-post-thumbnail size-post-thumbnail wp-post-image\" alt=\"CO Ulis Basket AllStar\" style=\"height:318px;object-fit:cover;\" \/><\/a><\/figure>\n\n<h2 class=\"wp-block-post-title has-x-large-font-size\"><a href=\"https:\/\/www.lesulisbasket.com\/?p=378\" target=\"_self\" >CO Ulis Basket AllStar<\/a><\/h2>\n\n<div class=\"wp-block-post-excerpt\"><p class=\"wp-block-post-excerpt__excerpt\"> <\/p><\/div>\n\n<div class=\"wp-block-post-date has-small-font-size\"><time datetime=\"2024-06-06T09:06:31+02:00\"><a href=\"https:\/\/www.lesulisbasket.com\/?p=378\">juin 6, 2024<\/a><\/time><\/div>\n<\/li><li class=\"wp-block-post post-374 post type-post status-publish format-standard has-post-thumbnail hentry category-non-classe\">\n<figure style=\"width:100%;height:318px;\" class=\"wp-block-post-featured-image\"><a href=\"https:\/\/www.lesulisbasket.com\/?p=374\" target=\"_self\"  style=\"height:318px\"><img loading=\"lazy\" decoding=\"async\" width=\"708\" height=\"1000\" src=\"https:\/\/www.lesulisbasket.com\/wp-content\/uploads\/2024\/03\/99f40fec-72c4-4566-b955-b9955984d62a.jpg\" class=\"attachment-post-thumbnail size-post-thumbnail wp-post-image\" alt=\"Inscriptions Stage avril 2024\" style=\"height:318px;object-fit:cover;\" srcset=\"https:\/\/www.lesulisbasket.com\/wp-content\/uploads\/2024\/03\/99f40fec-72c4-4566-b955-b9955984d62a.jpg 708w, https:\/\/www.lesulisbasket.com\/wp-content\/uploads\/2024\/03\/99f40fec-72c4-4566-b955-b9955984d62a-212x300.jpg 212w\" sizes=\"auto, (max-width: 708px) 100vw, 708px\" \/><\/a><\/figure>\n\n<h2 class=\"wp-block-post-title has-x-large-font-size\"><a href=\"https:\/\/www.lesulisbasket.com\/?p=374\" target=\"_self\" >Inscriptions Stage avril 2024<\/a><\/h2>\n\n<div class=\"wp-block-post-excerpt\"><p class=\"wp-block-post-excerpt__excerpt\">Le B.Ball camp fait son retour du 15 au 19 avril des U9 aux U15. Renseignements et inscription contactez Ma\u00efmouna KOITE au 07.78.12.73.71 <\/p><\/div>\n\n<div class=\"wp-block-post-date has-small-font-size\"><time datetime=\"2024-03-19T17:06:09+01:00\"><a href=\"https:\/\/www.lesulisbasket.com\/?p=374\">mars 19, 2024<\/a><\/time><\/div>\n<\/li><li class=\"wp-block-post post-351 post type-post status-publish format-standard has-post-thumbnail hentry category-planning-matchs\">\n<figure style=\"width:100%;height:318px;\" class=\"wp-block-post-featured-image\"><a href=\"https:\/\/www.lesulisbasket.com\/?p=351\" target=\"_self\"  style=\"height:318px\"><img loading=\"lazy\" decoding=\"async\" width=\"1280\" height=\"1600\" src=\"https:\/\/www.lesulisbasket.com\/wp-content\/uploads\/2024\/02\/plannings.png\" class=\"attachment-post-thumbnail size-post-thumbnail wp-post-image\" alt=\"Matchs \u00e0 venir\" style=\"height:318px;object-fit:cover;\" srcset=\"https:\/\/www.lesulisbasket.com\/wp-content\/uploads\/2024\/02\/plannings.png 1280w, https:\/\/www.lesulisbasket.com\/wp-content\/uploads\/2024\/02\/plannings-240x300.png 240w, https:\/\/www.lesulisbasket.com\/wp-content\/uploads\/2024\/02\/plannings-819x1024.png 819w, https:\/\/www.lesulisbasket.com\/wp-content\/uploads\/2024\/02\/plannings-768x960.png 768w, https:\/\/www.lesulisbasket.com\/wp-content\/uploads\/2024\/02\/plannings-1229x1536.png 1229w\" sizes=\"auto, (max-width: 1280px) 100vw, 1280px\" \/><\/a><\/figure>\n\n<h2 class=\"wp-block-post-title has-x-large-font-size\"><a href=\"https:\/\/www.lesulisbasket.com\/?p=351\" target=\"_self\" >Matchs \u00e0 venir<\/a><\/h2>\n\n<div class=\"wp-block-post-excerpt\"><p class=\"wp-block-post-excerpt__excerpt\"> <\/p><\/div>\n\n<div class=\"wp-block-post-date has-small-font-size\"><time datetime=\"2024-02-01T22:40:05+01:00\"><a href=\"https:\/\/www.lesulisbasket.com\/?p=351\">f\u00e9vrier 1, 2024<\/a><\/time><\/div>\n<\/li><li class=\"wp-block-post post-336 post type-post status-publish format-standard has-post-thumbnail hentry category-non-classe\">\n<figure style=\"width:100%;height:318px;\" class=\"wp-block-post-featured-image\"><a href=\"https:\/\/www.lesulisbasket.com\/?p=336\" target=\"_self\"  style=\"height:318px\"><img loading=\"lazy\" decoding=\"async\" width=\"744\" height=\"655\" src=\"https:\/\/www.lesulisbasket.com\/wp-content\/uploads\/2024\/01\/image_2024-01-30_202605171.png\" class=\"attachment-post-thumbnail size-post-thumbnail wp-post-image\" alt=\"Stage de f\u00e9vrier\" style=\"height:318px;object-fit:cover;\" srcset=\"https:\/\/www.lesulisbasket.com\/wp-content\/uploads\/2024\/01\/image_2024-01-30_202605171.png 744w, https:\/\/www.lesulisbasket.com\/wp-content\/uploads\/2024\/01\/image_2024-01-30_202605171-300x264.png 300w\" sizes=\"auto, (max-width: 744px) 100vw, 744px\" \/><\/a><\/figure>\n\n<h2 class=\"wp-block-post-title has-x-large-font-size\"><a href=\"https:\/\/www.lesulisbasket.com\/?p=336\" target=\"_self\" >Stage de f\u00e9vrier<\/a><\/h2>\n\n<div class=\"wp-block-post-excerpt\"><p class=\"wp-block-post-excerpt__excerpt\">Nous proposons deux stages : Du 12 au 16 f\u00e9vrier des U9 aux U13 et du 19 au 23 f\u00e9vrier \u00e0 partir des U15, rapprochez vous des Coachs pour les inscriptions. Date limite d&rsquo;inscription le 7 f\u00e9vrier. <\/p><\/div>\n\n<div class=\"wp-block-post-date has-small-font-size\"><time datetime=\"2024-01-30T19:51:22+01:00\"><a href=\"https:\/\/www.lesulisbasket.com\/?p=336\">janvier 30, 2024<\/a><\/time><\/div>\n<\/li><li class=\"wp-block-post post-91 post type-post status-publish format-standard has-post-thumbnail hentry category-non-classe\">\n<figure style=\"width:100%;height:318px;\" class=\"wp-block-post-featured-image\"><a href=\"https:\/\/www.lesulisbasket.com\/?p=91\" target=\"_self\"  style=\"height:318px\"><img loading=\"lazy\" decoding=\"async\" width=\"1536\" height=\"2048\" src=\"https:\/\/www.lesulisbasket.com\/wp-content\/uploads\/2023\/12\/IMG-20231210-WA0001.jpg\" class=\"attachment-post-thumbnail size-post-thumbnail wp-post-image\" alt=\"Victoire U20 contre Chilly : 86-73\" style=\"height:318px;object-fit:cover;\" srcset=\"https:\/\/www.lesulisbasket.com\/wp-content\/uploads\/2023\/12\/IMG-20231210-WA0001.jpg 1536w, https:\/\/www.lesulisbasket.com\/wp-content\/uploads\/2023\/12\/IMG-20231210-WA0001-225x300.jpg 225w, https:\/\/www.lesulisbasket.com\/wp-content\/uploads\/2023\/12\/IMG-20231210-WA0001-768x1024.jpg 768w, https:\/\/www.lesulisbasket.com\/wp-content\/uploads\/2023\/12\/IMG-20231210-WA0001-1152x1536.jpg 1152w\" sizes=\"auto, (max-width: 1536px) 100vw, 1536px\" \/><\/a><\/figure>\n\n<h2 class=\"wp-block-post-title has-x-large-font-size\"><a href=\"https:\/\/www.lesulisbasket.com\/?p=91\" target=\"_self\" >Victoire U20 contre Chilly : 86-73<\/a><\/h2>\n\n<div class=\"wp-block-post-excerpt\"><p class=\"wp-block-post-excerpt__excerpt\">Samedi 9 D\u00e9cembre \u00e0 eu lieu le match face \u00e0 Chilly. Revivez en Image cette soir\u00e9e remplie d&rsquo;\u00e9nergie. <\/p><\/div>\n\n<div class=\"wp-block-post-date has-small-font-size\"><time datetime=\"2023-12-31T14:21:14+01:00\"><a href=\"https:\/\/www.lesulisbasket.com\/?p=91\">d\u00e9cembre 31, 2023<\/a><\/time><\/div>\n<\/li><li class=\"wp-block-post post-85 post type-post status-publish format-standard has-post-thumbnail hentry category-non-classe\">\n<figure style=\"width:100%;height:318px;\" class=\"wp-block-post-featured-image\"><a href=\"https:\/\/www.lesulisbasket.com\/?p=85\" target=\"_self\"  style=\"height:318px\"><img loading=\"lazy\" decoding=\"async\" width=\"1170\" height=\"1663\" src=\"https:\/\/www.lesulisbasket.com\/wp-content\/uploads\/2023\/05\/IMG-20231116-WA0001.jpg\" class=\"attachment-post-thumbnail size-post-thumbnail wp-post-image\" alt=\"Inscription Stage D\u00e9cembre 2023\" style=\"height:318px;object-fit:cover;\" srcset=\"https:\/\/www.lesulisbasket.com\/wp-content\/uploads\/2023\/05\/IMG-20231116-WA0001.jpg 1170w, https:\/\/www.lesulisbasket.com\/wp-content\/uploads\/2023\/05\/IMG-20231116-WA0001-211x300.jpg 211w, https:\/\/www.lesulisbasket.com\/wp-content\/uploads\/2023\/05\/IMG-20231116-WA0001-720x1024.jpg 720w, https:\/\/www.lesulisbasket.com\/wp-content\/uploads\/2023\/05\/IMG-20231116-WA0001-768x1092.jpg 768w, https:\/\/www.lesulisbasket.com\/wp-content\/uploads\/2023\/05\/IMG-20231116-WA0001-1081x1536.jpg 1081w\" sizes=\"auto, (max-width: 1170px) 100vw, 1170px\" \/><\/a><\/figure>\n\n<h2 class=\"wp-block-post-title has-x-large-font-size\"><a href=\"https:\/\/www.lesulisbasket.com\/?p=85\" target=\"_self\" >Inscription Stage D\u00e9cembre 2023<\/a><\/h2>\n\n<div class=\"wp-block-post-excerpt\"><p class=\"wp-block-post-excerpt__excerpt\">B.BALL CAMP est de retour ! Le stage sera compos\u00e9 de s\u00e9ances de perfectionnement basketball encadr\u00e9s par des entra\u00eeneurs dipl\u00f4m\u00e9s. Nous organiserons des sorties au sein de structures professionnelles de basketball, et nous aurons l\u2019honneur d\u2019accueillir diff\u00e9rents intervenants tout au long de la semaine. Pour tout renseignement, contactez Ma\u00efmouna KOITE au 07.78.12.73.71 ou projecttraining20@gmail.com Pour\u2026 <\/p><\/div>\n\n<div class=\"wp-block-post-date has-small-font-size\"><time datetime=\"2023-12-31T13:55:59+01:00\"><a href=\"https:\/\/www.lesulisbasket.com\/?p=85\">d\u00e9cembre 31, 2023<\/a><\/time><\/div>\n<\/li><li class=\"wp-block-post post-83 post type-post status-publish format-standard has-post-thumbnail hentry category-non-classe\">\n<figure style=\"width:100%;height:318px;\" class=\"wp-block-post-featured-image\"><a href=\"https:\/\/www.lesulisbasket.com\/?p=83\" target=\"_self\"  style=\"height:318px\"><img loading=\"lazy\" decoding=\"async\" width=\"981\" height=\"1394\" src=\"https:\/\/www.lesulisbasket.com\/wp-content\/uploads\/2023\/05\/IMG-20231208-WA0004.jpg\" class=\"attachment-post-thumbnail size-post-thumbnail wp-post-image\" alt=\"Match U20 Gar\u00e7ons\" style=\"height:318px;object-fit:cover;\" srcset=\"https:\/\/www.lesulisbasket.com\/wp-content\/uploads\/2023\/05\/IMG-20231208-WA0004.jpg 981w, https:\/\/www.lesulisbasket.com\/wp-content\/uploads\/2023\/05\/IMG-20231208-WA0004-211x300.jpg 211w, https:\/\/www.lesulisbasket.com\/wp-content\/uploads\/2023\/05\/IMG-20231208-WA0004-721x1024.jpg 721w, https:\/\/www.lesulisbasket.com\/wp-content\/uploads\/2023\/05\/IMG-20231208-WA0004-768x1091.jpg 768w\" sizes=\"auto, (max-width: 981px) 100vw, 981px\" \/><\/a><\/figure>\n\n<h2 class=\"wp-block-post-title has-x-large-font-size\"><a href=\"https:\/\/www.lesulisbasket.com\/?p=83\" target=\"_self\" >Match U20 Gar\u00e7ons<\/a><\/h2>\n\n<div class=\"wp-block-post-excerpt\"><p class=\"wp-block-post-excerpt__excerpt\">Samedi soir 9 D\u00e9cembre \u00e0 19h00 match important des u20. Venez soutenir le club et l&rsquo;\u00e9quipe en amenant vos voix et votre \u00e9nergie. Objectif : Monter en D1\ud83d\udcaa <\/p><\/div>\n\n<div class=\"wp-block-post-date has-small-font-size\"><time datetime=\"2023-12-31T13:52:21+01:00\"><a href=\"https:\/\/www.lesulisbasket.com\/?p=83\">d\u00e9cembre 31, 2023<\/a><\/time><\/div>\n<\/li><li class=\"wp-block-post post-22 post type-post status-publish format-standard has-post-thumbnail hentry category-non-classe\">\n<figure style=\"width:100%;height:318px;\" class=\"wp-block-post-featured-image\"><a href=\"https:\/\/www.lesulisbasket.com\/?p=22\" target=\"_self\"  style=\"height:318px\"><img loading=\"lazy\" decoding=\"async\" width=\"780\" height=\"470\" src=\"https:\/\/www.lesulisbasket.com\/wp-content\/uploads\/2023\/12\/01-Nouveau-site-internet.jpg\" class=\"attachment-post-thumbnail size-post-thumbnail wp-post-image\" alt=\"Nouveau site web\" style=\"height:318px;object-fit:cover;\" srcset=\"https:\/\/www.lesulisbasket.com\/wp-content\/uploads\/2023\/12\/01-Nouveau-site-internet.jpg 780w, https:\/\/www.lesulisbasket.com\/wp-content\/uploads\/2023\/12\/01-Nouveau-site-internet-300x181.jpg 300w, https:\/\/www.lesulisbasket.com\/wp-content\/uploads\/2023\/12\/01-Nouveau-site-internet-768x463.jpg 768w\" sizes=\"auto, (max-width: 780px) 100vw, 780px\" \/><\/a><\/figure>\n\n<h2 class=\"wp-block-post-title has-x-large-font-size\"><a href=\"https:\/\/www.lesulisbasket.com\/?p=22\" target=\"_self\" >Nouveau site web<\/a><\/h2>\n\n<div class=\"wp-block-post-excerpt\"><p class=\"wp-block-post-excerpt__excerpt\">Bienvenue sur le nouveau site web du club de basket des Ulis. <\/p><\/div>\n\n<div class=\"wp-block-post-date has-small-font-size\"><time datetime=\"2023-05-19T01:17:00+02:00\"><a href=\"https:\/\/www.lesulisbasket.com\/?p=22\">mai 19, 2023<\/a><\/time><\/div>\n<\/li><\/ul>\n\n\n<hr class=\"wp-block-separator has-css-opacity alignwide is-style-wide\"\/>\n\n\n<\/div>\n","protected":false},"excerpt":{"rendered":"","protected":false},"author":1,"featured_media":0,"parent":0,"menu_order":1,"comment_status":"closed","ping_status":"closed","template":"","meta":{"footnotes":""},"class_list":["post-47","page","type-page","status-publish","hentry"],"_links":{"self":[{"href":"https:\/\/www.lesulisbasket.com\/index.php?rest_route=\/wp\/v2\/pages\/47","targetHints":{"allow":["GET"]}}],"collection":[{"href":"https:\/\/www.lesulisbasket.com\/index.php?rest_route=\/wp\/v2\/pages"}],"about":[{"href":"https:\/\/www.lesulisbasket.com\/index.php?rest_route=\/wp\/v2\/types\/page"}],"author":[{"embeddable":true,"href":"https:\/\/www.lesulisbasket.com\/index.php?rest_route=\/wp\/v2\/users\/1"}],"replies":[{"embeddable":true,"href":"https:\/\/www.lesulisbasket.com\/index.php?rest_route=%2Fwp%2Fv2%2Fcomments&post=47"}],"version-history":[{"count":2,"href":"https:\/\/www.lesulisbasket.com\/index.php?rest_route=\/wp\/v2\/pages\/47\/revisions"}],"predecessor-version":[{"id":212,"href":"https:\/\/www.lesulisbasket.com\/index.php?rest_route=\/wp\/v2\/pages\/47\/revisions\/212"}],"wp:attachment":[{"href":"https:\/\/www.lesulisbasket.com\/index.php?rest_route=%2Fwp%2Fv2%2Fmedia&parent=47"}],"curies":[{"name":"wp","href":"https:\/\/api.w.org\/{rel}","templated":true}]}}